{"id":7,"date":"2025-09-04T12:36:34","date_gmt":"2025-09-04T17:36:34","guid":{"rendered":"https:\/\/agricolaguapa.com\/?page_id=7"},"modified":"2025-11-16T11:21:54","modified_gmt":"2025-11-16T16:21:54","slug":"elementor-7","status":"publish","type":"page","link":"https:\/\/agricolaguapa.com\/","title":{"rendered":"Home"},"content":{"rendered":"\t\t<div data-elementor-type=\"wp-post\" data-elementor-id=\"7\" class=\"elementor elementor-7\">\n\t\t\t\t<div class=\"elementor-element elementor-element-4961fb1 e-flex e-con-boxed e-con e-parent\" data-id=\"4961fb1\" data-element_type=\"container\" data-settings=\"{&quot;background_background&quot;:&quot;gradient&quot;}\">\n\t\t\t\t\t<div class=\"e-con-inner\">\n\t\t<div class=\"elementor-element elementor-element-4dbdba2 e-con-full e-flex e-con e-child\" data-id=\"4dbdba2\" data-element_type=\"container\">\n\t\t\t\t<div class=\"elementor-element elementor-element-ca3f599 elementor-widget elementor-widget-heading\" data-id=\"ca3f599\" data-element_type=\"widget\" data-widget_type=\"heading.default\">\n\t\t\t\t\t<h1 class=\"elementor-heading-title elementor-size-default\">GUAPA NO ES<br>\n-BONITA-<br>\nES INOLVIDABLE<\/h1>\t\t\t\t<\/div>\n\t\t\t\t<div class=\"elementor-element elementor-element-6a7c5a4 elementor-widget elementor-widget-image\" data-id=\"6a7c5a4\" data-element_type=\"widget\" data-widget_type=\"image.default\">\n\t\t\t\t\t\t\t\t\t\t\t\t\t\t\t<img decoding=\"async\" width=\"146\" height=\"46\" src=\"https:\/\/agricolaguapa.com\/wp-content\/uploads\/2025\/09\/pinas-header.png\" class=\"attachment-2048x2048 size-2048x2048 wp-image-23\" alt=\"\" \/>\t\t\t\t\t\t\t\t\t\t\t\t\t\t\t<\/div>\n\t\t\t\t<\/div>\n\t\t<div class=\"elementor-element elementor-element-ea680fd e-con-full e-flex e-con e-child\" data-id=\"ea680fd\" data-element_type=\"container\">\n\t\t\t\t<div class=\"elementor-element elementor-element-d96dbca elementor-widget elementor-widget-image\" data-id=\"d96dbca\" data-element_type=\"widget\" data-widget_type=\"image.default\">\n\t\t\t\t\t\t\t\t\t\t\t\t\t\t\t<img fetchpriority=\"high\" decoding=\"async\" width=\"360\" height=\"640\" src=\"https:\/\/agricolaguapa.com\/wp-content\/uploads\/2025\/10\/unido.gif\" class=\"attachment-full size-full wp-image-201\" alt=\"\" \/>\t\t\t\t\t\t\t\t\t\t\t\t\t\t\t<\/div>\n\t\t\t\t<\/div>\n\t\t\t\t\t<\/div>\n\t\t\t\t<\/div>\n\t\t<div class=\"elementor-element elementor-element-67f59a5 e-con-full e-flex e-con e-parent\" data-id=\"67f59a5\" data-element_type=\"container\" data-settings=\"{&quot;background_background&quot;:&quot;classic&quot;}\">\n\t\t<div class=\"elementor-element elementor-element-affd78d e-con-full e-flex e-con e-child\" data-id=\"affd78d\" data-element_type=\"container\">\n\t\t\t\t<div class=\"elementor-element elementor-element-f13c952 elementor-widget__width-initial elementor-widget elementor-widget-image\" data-id=\"f13c952\" data-element_type=\"widget\" data-widget_type=\"image.default\">\n\t\t\t\t\t\t\t\t\t\t\t\t\t\t\t<img decoding=\"async\" width=\"363\" height=\"767\" src=\"https:\/\/agricolaguapa.com\/wp-content\/uploads\/2025\/09\/Textura-pina.png\" class=\"attachment-full size-full wp-image-28\" alt=\"\" srcset=\"https:\/\/agricolaguapa.com\/wp-content\/uploads\/2025\/09\/Textura-pina.png 363w, https:\/\/agricolaguapa.com\/wp-content\/uploads\/2025\/09\/Textura-pina-142x300.png 142w\" sizes=\"(max-width: 363px) 100vw, 363px\" \/>\t\t\t\t\t\t\t\t\t\t\t\t\t\t\t<\/div>\n\t\t\t\t<\/div>\n\t\t<div class=\"elementor-element elementor-element-4e1f730 e-con-full e-flex e-con e-child\" data-id=\"4e1f730\" data-element_type=\"container\">\n\t\t\t\t<div class=\"elementor-element elementor-element-5af3c28 elementor-widget__width-initial elementor-widget elementor-widget-image\" data-id=\"5af3c28\" data-element_type=\"widget\" data-widget_type=\"image.default\">\n\t\t\t\t\t\t\t\t\t\t\t\t\t\t\t<img loading=\"lazy\" decoding=\"async\" width=\"482\" height=\"767\" src=\"https:\/\/agricolaguapa.com\/wp-content\/uploads\/2025\/09\/Pulpa-pina.png\" class=\"attachment-full size-full wp-image-27\" alt=\"\" srcset=\"https:\/\/agricolaguapa.com\/wp-content\/uploads\/2025\/09\/Pulpa-pina.png 482w, https:\/\/agricolaguapa.com\/wp-content\/uploads\/2025\/09\/Pulpa-pina-189x300.png 189w\" sizes=\"(max-width: 482px) 100vw, 482px\" \/>\t\t\t\t\t\t\t\t\t\t\t\t\t\t\t<\/div>\n\t\t\t\t<\/div>\n\t\t<div class=\"elementor-element elementor-element-dca0267 e-con-full e-flex e-con e-child\" data-id=\"dca0267\" data-element_type=\"container\">\n\t\t\t\t<div class=\"elementor-element elementor-element-61410aa elementor-widget elementor-widget-heading\" data-id=\"61410aa\" data-element_type=\"widget\" data-widget_type=\"heading.default\">\n\t\t\t\t\t<h2 class=\"elementor-heading-title elementor-size-default\">NO ES<br>EL COLOR,<br> ES EL CARACTER<\/h2>\t\t\t\t<\/div>\n\t\t\t\t<div class=\"elementor-element elementor-element-4455878 elementor-widget elementor-widget-heading\" data-id=\"4455878\" data-element_type=\"widget\" data-widget_type=\"heading.default\">\n\t\t\t\t\t<h3 class=\"elementor-heading-title elementor-size-default\">GUAPA, NO NECESITA PINTARSE DE AMARILLO<\/h3>\t\t\t\t<\/div>\n\t\t\t\t<div class=\"elementor-element elementor-element-5cd9a7e elementor-widget elementor-widget-text-editor\" data-id=\"5cd9a7e\" data-element_type=\"widget\" data-widget_type=\"text-editor.default\">\n\t\t\t\t\t\t\t\t\t<p>Pi\u00f1as cultivadas por m\u00e1s de un a\u00f1o, seleccionadas una a una y exportadas solo cuando estan en su punto exacto. Sin adornos.<\/p><p>SIN ATAJOS, SOLO CALIDAD REAL.<\/p>\t\t\t\t\t\t\t\t<\/div>\n\t\t\t\t<\/div>\n\t\t\t\t<\/div>\n\t\t<div class=\"elementor-element elementor-element-586d750 e-con-full e-flex e-con e-parent\" data-id=\"586d750\" data-element_type=\"container\" data-settings=\"{&quot;background_background&quot;:&quot;classic&quot;}\">\n\t\t\t\t<div class=\"elementor-element elementor-element-778b021 elementor-widget__width-initial elementor-widget elementor-widget-image\" data-id=\"778b021\" data-element_type=\"widget\" data-widget_type=\"image.default\">\n\t\t\t\t\t\t\t\t\t\t\t\t\t\t\t<img loading=\"lazy\" decoding=\"async\" width=\"225\" height=\"190\" src=\"https:\/\/agricolaguapa.com\/wp-content\/uploads\/2025\/09\/Trozo-pina-2-e1757105551870.png\" class=\"attachment-full size-full wp-image-26\" alt=\"\" \/>\t\t\t\t\t\t\t\t\t\t\t\t\t\t\t<\/div>\n\t\t<div class=\"elementor-element elementor-element-81fdfbd e-con-full e-flex e-con e-child\" data-id=\"81fdfbd\" data-element_type=\"container\">\n\t\t<div class=\"elementor-element elementor-element-ef55d73 e-con-full e-flex e-con e-child\" data-id=\"ef55d73\" data-element_type=\"container\">\n\t\t\t\t<div class=\"elementor-element elementor-element-ebdd8eb elementor-widget elementor-widget-heading\" data-id=\"ebdd8eb\" data-element_type=\"widget\" data-widget_type=\"heading.default\">\n\t\t\t\t\t<h2 class=\"elementor-heading-title elementor-size-default\">QUIENES<br> SOMOS<\/h2>\t\t\t\t<\/div>\n\t\t\t\t<div class=\"elementor-element elementor-element-6057e41 elementor-widget elementor-widget-heading\" data-id=\"6057e41\" data-element_type=\"widget\" data-widget_type=\"heading.default\">\n\t\t\t\t\t<h3 class=\"elementor-heading-title elementor-size-default\">LLEVAMOS M\u00c1S DE 14 A\u00d1OS CULTIVANDO PI\u00d1A EN UNA DE LAS ZONAS M\u00c1S IDONEAS DE COLOMBIA PARA EXPORTACI\u00d3N<\/h3>\t\t\t\t<\/div>\n\t\t\t\t<div class=\"elementor-element elementor-element-19b55b2 elementor-widget elementor-widget-text-editor\" data-id=\"19b55b2\" data-element_type=\"widget\" data-widget_type=\"text-editor.default\">\n\t\t\t\t\t\t\t\t\t<p>Nuestra producci\u00f3n es constante durante todo el a\u00f1o y est\u00e1 alineada con los estandares que exigue el comercio internacional.<\/p><p>Hoy, trabajamos junto a aliados globales para llevar nuestra fruta a destinos como Estados Unidos, Europa y Medio Oriente\u00a0<\/p><p>SIN ATAJOS, SOLO CALIDAD REAL.<\/p>\t\t\t\t\t\t\t\t<\/div>\n\t\t\t\t<div class=\"elementor-element elementor-element-a613826 elementor-widget elementor-widget-heading\" data-id=\"a613826\" data-element_type=\"widget\" data-widget_type=\"heading.default\">\n\t\t\t\t\t<h4 class=\"elementor-heading-title elementor-size-default\">NO DECIMOS QUE SOMOS LOS MEJORES, SOLO DEJAMOS QUE LA FRUTA HABLE POR NOSOTROS<\/h4>\t\t\t\t<\/div>\n\t\t\t\t<div class=\"elementor-element elementor-element-7c3405e elementor-view-default elementor-widget elementor-widget-icon\" data-id=\"7c3405e\" data-element_type=\"widget\" data-widget_type=\"icon.default\">\n\t\t\t\t\t\t\t<div class=\"elementor-icon-wrapper\">\n\t\t\t<div class=\"elementor-icon\">\n\t\t\t<svg aria-hidden=\"true\" class=\"e-font-icon-svg e-fas-long-arrow-alt-right\" viewBox=\"0 0 448 512\" xmlns=\"http:\/\/www.w3.org\/2000\/svg\"><path d=\"M313.941 216H12c-6.627 0-12 5.373-12 12v56c0 6.627 5.373 12 12 12h301.941v46.059c0 21.382 25.851 32.09 40.971 16.971l86.059-86.059c9.373-9.373 9.373-24.569 0-33.941l-86.059-86.059c-15.119-15.119-40.971-4.411-40.971 16.971V216z\"><\/path><\/svg>\t\t\t<\/div>\n\t\t<\/div>\n\t\t\t\t\t\t<\/div>\n\t\t\t\t<div class=\"elementor-element elementor-element-e323ab2 elementor-widget__width-initial elementor-widget elementor-widget-image\" data-id=\"e323ab2\" data-element_type=\"widget\" data-widget_type=\"image.default\">\n\t\t\t\t\t\t\t\t\t\t\t\t\t\t\t<img loading=\"lazy\" decoding=\"async\" width=\"124\" height=\"58\" src=\"https:\/\/agricolaguapa.com\/wp-content\/uploads\/2025\/09\/Grupo-24.png\" class=\"attachment-large size-large wp-image-106\" alt=\"\" \/>\t\t\t\t\t\t\t\t\t\t\t\t\t\t\t<\/div>\n\t\t\t\t<\/div>\n\t\t\t\t<\/div>\n\t\t<div class=\"elementor-element elementor-element-381fb11 e-con-full e-flex e-con e-child\" data-id=\"381fb11\" data-element_type=\"container\">\n\t\t\t\t<div class=\"elementor-element elementor-element-6cfba53 elementor-widget__width-initial elementor-widget elementor-widget-image\" data-id=\"6cfba53\" data-element_type=\"widget\" data-widget_type=\"image.default\">\n\t\t\t\t\t\t\t\t\t\t\t\t\t\t\t<img loading=\"lazy\" decoding=\"async\" width=\"199\" height=\"363\" src=\"https:\/\/agricolaguapa.com\/wp-content\/uploads\/2025\/09\/Trozos-Pina-Guapa.png\" class=\"attachment-full size-full wp-image-29\" alt=\"\" srcset=\"https:\/\/agricolaguapa.com\/wp-content\/uploads\/2025\/09\/Trozos-Pina-Guapa.png 199w, https:\/\/agricolaguapa.com\/wp-content\/uploads\/2025\/09\/Trozos-Pina-Guapa-164x300.png 164w\" sizes=\"(max-width: 199px) 100vw, 199px\" \/>\t\t\t\t\t\t\t\t\t\t\t\t\t\t\t<\/div>\n\t\t\t\t<div class=\"elementor-element elementor-element-ace98df elementor-widget__width-initial elementor-widget elementor-widget-image\" data-id=\"ace98df\" data-element_type=\"widget\" data-widget_type=\"image.default\">\n\t\t\t\t\t\t\t\t\t\t\t\t\t\t\t<img loading=\"lazy\" decoding=\"async\" width=\"745\" height=\"689\" src=\"https:\/\/agricolaguapa.com\/wp-content\/uploads\/2025\/09\/Capa-72.png\" class=\"attachment-large size-large wp-image-107\" alt=\"\" srcset=\"https:\/\/agricolaguapa.com\/wp-content\/uploads\/2025\/09\/Capa-72.png 745w, https:\/\/agricolaguapa.com\/wp-content\/uploads\/2025\/09\/Capa-72-300x277.png 300w\" sizes=\"(max-width: 745px) 100vw, 745px\" \/>\t\t\t\t\t\t\t\t\t\t\t\t\t\t\t<\/div>\n\t\t\t\t<\/div>\n\t\t\t\t<\/div>\n\t\t<div class=\"elementor-element elementor-element-3b635a7 e-con-full e-flex e-con e-parent\" data-id=\"3b635a7\" data-element_type=\"container\" data-settings=\"{&quot;background_background&quot;:&quot;classic&quot;}\">\n\t\t<div class=\"elementor-element elementor-element-37ac503 e-con-full e-flex e-con e-child\" data-id=\"37ac503\" data-element_type=\"container\">\n\t\t\t\t<div class=\"elementor-element elementor-element-e630fe5 elementor-widget elementor-widget-image\" data-id=\"e630fe5\" data-element_type=\"widget\" data-widget_type=\"image.default\">\n\t\t\t\t\t\t\t\t\t\t\t\t\t\t\t<img loading=\"lazy\" decoding=\"async\" width=\"483\" height=\"409\" src=\"https:\/\/agricolaguapa.com\/wp-content\/uploads\/2025\/09\/Mesa-de-trabajo-5-100.jpg\" class=\"attachment-full size-full wp-image-33\" alt=\"\" srcset=\"https:\/\/agricolaguapa.com\/wp-content\/uploads\/2025\/09\/Mesa-de-trabajo-5-100.jpg 483w, https:\/\/agricolaguapa.com\/wp-content\/uploads\/2025\/09\/Mesa-de-trabajo-5-100-300x254.jpg 300w\" sizes=\"(max-width: 483px) 100vw, 483px\" \/>\t\t\t\t\t\t\t\t\t\t\t\t\t\t\t<\/div>\n\t\t\t\t<\/div>\n\t\t<div class=\"elementor-element elementor-element-7b7d8ce e-con-full e-flex e-con e-child\" data-id=\"7b7d8ce\" data-element_type=\"container\">\n\t\t\t\t<div class=\"elementor-element elementor-element-c4f9d28 elementor-widget elementor-widget-heading\" data-id=\"c4f9d28\" data-element_type=\"widget\" data-widget_type=\"heading.default\">\n\t\t\t\t\t<h2 class=\"elementor-heading-title elementor-size-default\">NUESTRO<br>EQUIPO<\/h2>\t\t\t\t<\/div>\n\t\t\t\t<div class=\"elementor-element elementor-element-b01d0c9 elementor-widget elementor-widget-heading\" data-id=\"b01d0c9\" data-element_type=\"widget\" data-widget_type=\"heading.default\">\n\t\t\t\t\t<h3 class=\"elementor-heading-title elementor-size-default\">ORGULLOSAMENTE HECHA<\/h3>\t\t\t\t<\/div>\n\t\t\t\t<div class=\"elementor-element elementor-element-1a4d0e9 elementor-widget elementor-widget-heading\" data-id=\"1a4d0e9\" data-element_type=\"widget\" data-widget_type=\"heading.default\">\n\t\t\t\t\t<h2 class=\"elementor-heading-title elementor-size-default\">POR QUIENES ENTIENDEN <br>LA TIERRA MEJOR QUE NADIE<\/h2>\t\t\t\t<\/div>\n\t\t\t\t<div class=\"elementor-element elementor-element-4bb6aa6 elementor-widget elementor-widget-image\" data-id=\"4bb6aa6\" data-element_type=\"widget\" data-widget_type=\"image.default\">\n\t\t\t\t\t\t\t\t\t\t\t\t\t\t\t<img loading=\"lazy\" decoding=\"async\" width=\"125\" height=\"58\" src=\"https:\/\/agricolaguapa.com\/wp-content\/uploads\/2025\/09\/pinas-equipo.png\" class=\"attachment-large size-large wp-image-111\" alt=\"\" \/>\t\t\t\t\t\t\t\t\t\t\t\t\t\t\t<\/div>\n\t\t\t\t<\/div>\n\t\t\t\t<\/div>\n\t\t<div class=\"elementor-element elementor-element-0c44535 e-con-full e-flex e-con e-parent\" data-id=\"0c44535\" data-element_type=\"container\">\n\t\t<div class=\"elementor-element elementor-element-66ef9fe e-con-full e-flex e-con e-child\" data-id=\"66ef9fe\" data-element_type=\"container\">\n\t\t\t\t<div class=\"elementor-element elementor-element-68e623b elementor-widget elementor-widget-image\" data-id=\"68e623b\" data-element_type=\"widget\" data-widget_type=\"image.default\">\n\t\t\t\t\t\t\t\t\t\t\t\t\t\t\t<img loading=\"lazy\" decoding=\"async\" width=\"970\" height=\"862\" src=\"https:\/\/agricolaguapa.com\/wp-content\/uploads\/2025\/09\/pina-Equipo.jpg\" class=\"attachment-full size-full wp-image-94\" alt=\"\" srcset=\"https:\/\/agricolaguapa.com\/wp-content\/uploads\/2025\/09\/pina-Equipo.jpg 970w, https:\/\/agricolaguapa.com\/wp-content\/uploads\/2025\/09\/pina-Equipo-300x267.jpg 300w, https:\/\/agricolaguapa.com\/wp-content\/uploads\/2025\/09\/pina-Equipo-768x682.jpg 768w\" sizes=\"(max-width: 970px) 100vw, 970px\" \/>\t\t\t\t\t\t\t\t\t\t\t\t\t\t\t<\/div>\n\t\t\t\t<\/div>\n\t\t<div class=\"elementor-element elementor-element-63fa041 e-con-full e-flex e-con e-child\" data-id=\"63fa041\" data-element_type=\"container\">\n\t\t\t\t<div class=\"elementor-element elementor-element-61827e3 elementor-widget elementor-widget-image\" data-id=\"61827e3\" data-element_type=\"widget\" data-widget_type=\"image.default\">\n\t\t\t\t\t\t\t\t\t\t\t\t\t\t\t<img loading=\"lazy\" decoding=\"async\" width=\"756\" height=\"862\" src=\"https:\/\/agricolaguapa.com\/wp-content\/uploads\/2025\/09\/Grupo-37.jpg\" class=\"attachment-full size-full wp-image-96\" alt=\"\" srcset=\"https:\/\/agricolaguapa.com\/wp-content\/uploads\/2025\/09\/Grupo-37.jpg 756w, https:\/\/agricolaguapa.com\/wp-content\/uploads\/2025\/09\/Grupo-37-263x300.jpg 263w\" sizes=\"(max-width: 756px) 100vw, 756px\" \/>\t\t\t\t\t\t\t\t\t\t\t\t\t\t\t<\/div>\n\t\t\t\t<\/div>\n\t\t<div class=\"elementor-element elementor-element-43cb353 e-con-full e-flex e-con e-child\" data-id=\"43cb353\" data-element_type=\"container\">\n\t\t\t\t<div class=\"elementor-element elementor-element-8b6e59f elementor-widget elementor-widget-image\" data-id=\"8b6e59f\" data-element_type=\"widget\" data-widget_type=\"image.default\">\n\t\t\t\t\t\t\t\t\t\t\t\t\t\t\t<img loading=\"lazy\" decoding=\"async\" width=\"958\" height=\"862\" src=\"https:\/\/agricolaguapa.com\/wp-content\/uploads\/2025\/09\/Pina-Equipo2-Guapa.jpg\" class=\"attachment-full size-full wp-image-95\" alt=\"\" srcset=\"https:\/\/agricolaguapa.com\/wp-content\/uploads\/2025\/09\/Pina-Equipo2-Guapa.jpg 958w, https:\/\/agricolaguapa.com\/wp-content\/uploads\/2025\/09\/Pina-Equipo2-Guapa-300x270.jpg 300w, https:\/\/agricolaguapa.com\/wp-content\/uploads\/2025\/09\/Pina-Equipo2-Guapa-768x691.jpg 768w\" sizes=\"(max-width: 958px) 100vw, 958px\" \/>\t\t\t\t\t\t\t\t\t\t\t\t\t\t\t<\/div>\n\t\t\t\t<\/div>\n\t\t\t\t<\/div>\n\t\t<footer class=\"elementor-element elementor-element-6773a60 e-con-full e-flex e-con e-parent\" data-id=\"6773a60\" data-element_type=\"container\" data-settings=\"{&quot;background_background&quot;:&quot;classic&quot;}\">\n\t\t<div class=\"elementor-element elementor-element-97b3342 e-con-full e-flex e-con e-child\" data-id=\"97b3342\" data-element_type=\"container\">\n\t\t\t\t<\/div>\n\t\t<div class=\"elementor-element elementor-element-b1f7ed9 e-con-full e-flex e-con e-child\" data-id=\"b1f7ed9\" data-element_type=\"container\">\n\t\t\t\t<div class=\"elementor-element elementor-element-ad8a306 elementor-absolute elementor-widget elementor-widget-heading\" data-id=\"ad8a306\" data-element_type=\"widget\" id=\"footer-title\" data-settings=\"{&quot;_position&quot;:&quot;absolute&quot;}\" data-widget_type=\"heading.default\">\n\t\t\t\t\t<h2 class=\"elementor-heading-title elementor-size-default\">DE COLOMBIA<br>\nPARA EL MUNDO<\/h2>\t\t\t\t<\/div>\n\t\t\t\t<\/div>\n\t\t<div class=\"elementor-element elementor-element-81f0bb3 e-con-full e-flex e-con e-child\" data-id=\"81f0bb3\" data-element_type=\"container\">\n\t\t\t\t<div class=\"elementor-element elementor-element-10cfac6 elementor-widget__width-initial elementor-widget elementor-widget-image\" data-id=\"10cfac6\" data-element_type=\"widget\" data-widget_type=\"image.default\">\n\t\t\t\t\t\t\t\t\t\t\t\t\t\t\t<img loading=\"lazy\" decoding=\"async\" width=\"785\" height=\"773\" src=\"https:\/\/agricolaguapa.com\/wp-content\/uploads\/2025\/09\/mapa-colombia.png\" class=\"attachment-large size-large wp-image-21\" alt=\"\" srcset=\"https:\/\/agricolaguapa.com\/wp-content\/uploads\/2025\/09\/mapa-colombia.png 785w, https:\/\/agricolaguapa.com\/wp-content\/uploads\/2025\/09\/mapa-colombia-300x295.png 300w, https:\/\/agricolaguapa.com\/wp-content\/uploads\/2025\/09\/mapa-colombia-768x756.png 768w\" sizes=\"(max-width: 785px) 100vw, 785px\" \/>\t\t\t\t\t\t\t\t\t\t\t\t\t\t\t<\/div>\n\t\t\t\t<\/div>\n\t\t<div class=\"elementor-element elementor-element-3837002 e-con-full e-flex e-con e-child\" data-id=\"3837002\" data-element_type=\"container\">\n\t\t\t\t<div class=\"elementor-element elementor-element-a56348d elementor-widget elementor-widget-heading\" data-id=\"a56348d\" data-element_type=\"widget\" data-widget_type=\"heading.default\">\n\t\t\t\t\t<h2 class=\"elementor-heading-title elementor-size-default\">Para conocernos mejor...<\/h2>\t\t\t\t<\/div>\n\t\t<div class=\"elementor-element elementor-element-373fda9 e-con-full e-flex e-con e-child\" data-id=\"373fda9\" data-element_type=\"container\">\n\t\t\t\t<div class=\"elementor-element elementor-element-c79b82c elementor-widget__width-initial elementor-widget-mobile__width-inherit elementor-widget elementor-widget-image\" data-id=\"c79b82c\" data-element_type=\"widget\" data-widget_type=\"image.default\">\n\t\t\t\t\t\t\t\t\t\t\t\t\t\t\t<img loading=\"lazy\" decoding=\"async\" width=\"31\" height=\"61\" src=\"https:\/\/agricolaguapa.com\/wp-content\/uploads\/2025\/09\/pina-contactenos.png\" class=\"attachment-large size-large wp-image-114\" alt=\"\" \/>\t\t\t\t\t\t\t\t\t\t\t\t\t\t\t<\/div>\n\t\t\t\t<div class=\"elementor-element elementor-element-7c9926d elementor-widget__width-initial elementor-widget elementor-widget-text-editor\" data-id=\"7c9926d\" data-element_type=\"widget\" data-widget_type=\"text-editor.default\">\n\t\t\t\t\t\t\t\t\t<p>Llamenos al 300 544 3021<br \/>Envienos un mensaje a info@guapa.com<\/p><p>Solicite una copia de nuestrascapacidades completas<\/p>\t\t\t\t\t\t\t\t<\/div>\n\t\t\t\t<\/div>\n\t\t\t\t<\/div>\n\t\t\t\t<\/footer>\n\t\t\t\t<\/div>\n\t\t","protected":false},"excerpt":{"rendered":"<p>GUAPA NO ES -BONITA- ES INOLVIDABLE NO ESEL COLOR, ES EL CARACTER GUAPA, NO NECESITA PINTARSE DE AMARILLO Pi\u00f1as cultivadas por m\u00e1s de un a\u00f1o, seleccionadas una a una y exportadas solo cuando estan en su punto exacto. Sin adornos. SIN ATAJOS, SOLO CALIDAD REAL. QUIENES SOMOS LLEVAMOS M\u00c1S DE 14 A\u00d1OS CULTIVANDO PI\u00d1A EN [&hellip;]<\/p>\n","protected":false},"author":1,"featured_media":0,"parent":0,"menu_order":0,"comment_status":"closed","ping_status":"closed","template":"","meta":{"footnotes":""},"class_list":["post-7","page","type-page","status-publish","hentry"],"_links":{"self":[{"href":"https:\/\/agricolaguapa.com\/index.php?rest_route=\/wp\/v2\/pages\/7","targetHints":{"allow":["GET"]}}],"collection":[{"href":"https:\/\/agricolaguapa.com\/index.php?rest_route=\/wp\/v2\/pages"}],"about":[{"href":"https:\/\/agricolaguapa.com\/index.php?rest_route=\/wp\/v2\/types\/page"}],"author":[{"embeddable":true,"href":"https:\/\/agricolaguapa.com\/index.php?rest_route=\/wp\/v2\/users\/1"}],"replies":[{"embeddable":true,"href":"https:\/\/agricolaguapa.com\/index.php?rest_route=%2Fwp%2Fv2%2Fcomments&post=7"}],"version-history":[{"count":106,"href":"https:\/\/agricolaguapa.com\/index.php?rest_route=\/wp\/v2\/pages\/7\/revisions"}],"predecessor-version":[{"id":235,"href":"https:\/\/agricolaguapa.com\/index.php?rest_route=\/wp\/v2\/pages\/7\/revisions\/235"}],"wp:attachment":[{"href":"https:\/\/agricolaguapa.com\/index.php?rest_route=%2Fwp%2Fv2%2Fmedia&parent=7"}],"curies":[{"name":"wp","href":"https:\/\/api.w.org\/{rel}","templated":true}]}}